{"id":5805,"date":"2026-04-24T11:23:04","date_gmt":"2026-04-24T11:23:04","guid":{"rendered":"https:\/\/pinsadiroma.es\/?page_id=5805"},"modified":"2026-04-24T11:42:40","modified_gmt":"2026-04-24T11:42:40","slug":"trabaja-con-nosotros","status":"publish","type":"page","link":"https:\/\/pinsadiroma.es\/en\/trabaja-con-nosotros\/","title":{"rendered":"Trabaja con nosotros"},"content":{"rendered":"\t\t<div data-elementor-type=\"wp-page\" data-elementor-id=\"5805\" class=\"elementor elementor-5805\">\n\t\t\t\t<div class=\"elementor-element elementor-element-727f32af e-flex e-con-boxed e-con e-parent\" data-id=\"727f32af\" data-element_type=\"container\" data-e-type=\"container\" id=\"scrollup\" data-settings=\"{&quot;background_background&quot;:&quot;classic&quot;,&quot;shape_divider_bottom&quot;:&quot;triangle&quot;}\">\n\t\t\t\t\t<div class=\"e-con-inner\">\n\t\t\t\t<div class=\"elementor-shape elementor-shape-bottom\" aria-hidden=\"true\" data-negative=\"false\">\n\t\t\t<svg xmlns=\"http:\/\/www.w3.org\/2000\/svg\" viewBox=\"0 0 1000 100\" preserveAspectRatio=\"none\">\n\t<path class=\"elementor-shape-fill\" d=\"M500,98.9L0,6.1V0h1000v6.1L500,98.9z\"\/>\n<\/svg>\t\t<\/div>\n\t\t<div class=\"elementor-element elementor-element-58b854d7 e-con-full e-flex e-con e-child\" data-id=\"58b854d7\" data-element_type=\"container\" data-e-type=\"container\">\n\t\t\t\t<\/div>\n\t\t<div class=\"elementor-element elementor-element-1d333d99 e-con-full e-flex e-con e-child\" data-id=\"1d333d99\" data-element_type=\"container\" data-e-type=\"container\">\n\t\t\t\t<div class=\"elementor-element elementor-element-294df48d elementor-invisible elementor-widget elementor-widget-heading\" data-id=\"294df48d\" data-element_type=\"widget\" data-e-type=\"widget\" data-settings=\"{&quot;_animation&quot;:&quot;fadeInDown&quot;}\" data-widget_type=\"heading.default\">\n\t\t\t\t<div class=\"elementor-widget-container\">\n\t\t\t\t\t<h3 class=\"elementor-heading-title elementor-size-default\">Pinsa Di Roma<\/h3>\t\t\t\t<\/div>\n\t\t\t\t<\/div>\n\t\t\t\t<div class=\"elementor-element elementor-element-5c9c6b30 elementor-invisible elementor-widget elementor-widget-heading\" data-id=\"5c9c6b30\" data-element_type=\"widget\" data-e-type=\"widget\" data-settings=\"{&quot;_animation&quot;:&quot;fadeInUp&quot;,&quot;_animation_delay&quot;:200}\" data-widget_type=\"heading.default\">\n\t\t\t\t<div class=\"elementor-widget-container\">\n\t\t\t\t\t<h1 class=\"elementor-heading-title elementor-size-default\">Trabaja con nosotros<\/h1>\t\t\t\t<\/div>\n\t\t\t\t<\/div>\n\t\t\t\t<\/div>\n\t\t<div class=\"elementor-element elementor-element-79279a46 e-con-full e-flex e-con e-child\" data-id=\"79279a46\" data-element_type=\"container\" data-e-type=\"container\">\n\t\t\t\t<\/div>\n\t\t\t\t\t<\/div>\n\t\t\t\t<\/div>\n\t\t<div class=\"elementor-element elementor-element-2cb40eb9 e-flex e-con-boxed e-con e-parent\" data-id=\"2cb40eb9\" data-element_type=\"container\" data-e-type=\"container\" data-settings=\"{&quot;background_background&quot;:&quot;classic&quot;}\">\n\t\t\t\t\t<div class=\"e-con-inner\">\n\t\t<div class=\"elementor-element elementor-element-2772cb4a e-con-full e-flex e-con e-child\" data-id=\"2772cb4a\" data-element_type=\"container\" data-e-type=\"container\">\n\t\t<div class=\"elementor-element elementor-element-435cd74c e-flex e-con-boxed e-con e-child\" data-id=\"435cd74c\" data-element_type=\"container\" data-e-type=\"container\">\n\t\t\t\t\t<div class=\"e-con-inner\">\n\t\t<div class=\"elementor-element elementor-element-7c93e44a e-con-full e-flex e-con e-child\" data-id=\"7c93e44a\" data-element_type=\"container\" data-e-type=\"container\">\n\t\t\t\t<\/div>\n\t\t<div class=\"elementor-element elementor-element-40178809 e-con-full e-flex e-con e-child\" data-id=\"40178809\" data-element_type=\"container\" data-e-type=\"container\">\n\t\t\t\t<div class=\"elementor-element elementor-element-4a6cbd7d elementor-invisible elementor-widget elementor-widget-heading\" data-id=\"4a6cbd7d\" data-element_type=\"widget\" data-e-type=\"widget\" data-settings=\"{&quot;_animation&quot;:&quot;fadeInDown&quot;}\" data-widget_type=\"heading.default\">\n\t\t\t\t<div class=\"elementor-widget-container\">\n\t\t\t\t\t<h2 class=\"elementor-heading-title elementor-size-default\">\u00danete al equipo<\/h2>\t\t\t\t<\/div>\n\t\t\t\t<\/div>\n\t\t\t\t<div class=\"elementor-element elementor-element-4af92330 elementor-widget elementor-widget-heading\" data-id=\"4af92330\" data-element_type=\"widget\" data-e-type=\"widget\" data-widget_type=\"heading.default\">\n\t\t\t\t<div class=\"elementor-widget-container\">\n\t\t\t\t\t<h6 class=\"elementor-heading-title elementor-size-default\">En Pinsa Di Roma buscamos talento con actitud, energ\u00eda y pasi\u00f3n por la restauraci\u00f3n. Si quieres crecer con nosotros, queremos conocerte.<\/h6>\t\t\t\t<\/div>\n\t\t\t\t<\/div>\n\t\t\t\t<\/div>\n\t\t<div class=\"elementor-element elementor-element-1e1397f2 e-con-full e-flex e-con e-child\" data-id=\"1e1397f2\" data-element_type=\"container\" data-e-type=\"container\">\n\t\t\t\t<\/div>\n\t\t\t\t\t<\/div>\n\t\t\t\t<\/div>\n\t\t<div class=\"elementor-element elementor-element-75b7383e e-flex e-con-boxed e-con e-child\" data-id=\"75b7383e\" data-element_type=\"container\" data-e-type=\"container\">\n\t\t\t\t\t<div class=\"e-con-inner\">\n\t\t<div class=\"elementor-element elementor-element-7d052f12 e-con-full e-flex e-con e-child\" data-id=\"7d052f12\" data-element_type=\"container\" data-e-type=\"container\">\n\t\t\t\t<div class=\"elementor-element elementor-element-43ef3800 elementor-widget elementor-widget-shortcode\" data-id=\"43ef3800\" data-element_type=\"widget\" data-e-type=\"widget\" data-widget_type=\"shortcode.default\">\n\t\t\t\t<div class=\"elementor-widget-container\">\n\t\t\t\t\t\t\t<div class=\"elementor-shortcode\"><div class=\"wpforms-container \" id=\"wpforms-5830\"><form id=\"wpforms-form-5830\" class=\"wpforms-validate wpforms-form\" data-formid=\"5830\" method=\"post\" enctype=\"multipart\/form-data\" action=\"\/en\/wp-json\/wp\/v2\/pages\/5805\" data-token=\"6e4d963a5785c92dc434da4ae66ee0c2\" data-token-time=\"1777136784\"><noscript class=\"wpforms-error-noscript\">Please enable JavaScript in your browser to complete this form.<\/noscript><div class=\"wpforms-field-container\"><div id=\"wpforms-5830-field_0-container\" class=\"wpforms-field wpforms-field-name\" data-field-id=\"0\"><label class=\"wpforms-field-label wpforms-label-hide\" for=\"wpforms-5830-field_0\">Nombre <span class=\"wpforms-required-label\">*<\/span><\/label><input type=\"text\" id=\"wpforms-5830-field_0\" class=\"wpforms-field-large wpforms-field-required\" name=\"wpforms[fields][0]\" required><\/div><div id=\"wpforms-5830-field_1-container\" class=\"wpforms-field wpforms-field-email\" data-field-id=\"1\"><label class=\"wpforms-field-label wpforms-label-hide\" for=\"wpforms-5830-field_1\">Email <span class=\"wpforms-required-label\">*<\/span><\/label><input type=\"email\" id=\"wpforms-5830-field_1\" class=\"wpforms-field-large wpforms-field-required\" name=\"wpforms[fields][1]\" spellcheck=\"false\" required><\/div><div id=\"wpforms-5830-field_4-container\" class=\"wpforms-field wpforms-field-number\" data-field-id=\"4\"><label class=\"wpforms-field-label wpforms-label-hide\" for=\"wpforms-5830-field_4\">Tel\u00e9fono <span class=\"wpforms-required-label\">*<\/span><\/label><input type=\"number\" id=\"wpforms-5830-field_4\" class=\"wpforms-field-large wpforms-field-required\" name=\"wpforms[fields][4]\" step=\"any\" required><\/div><div id=\"wpforms-5830-field_2-container\" class=\"wpforms-field wpforms-field-textarea\" data-field-id=\"2\"><label class=\"wpforms-field-label wpforms-label-hide\" for=\"wpforms-5830-field_2\">Mensaje <span class=\"wpforms-required-label\">*<\/span><\/label><textarea id=\"wpforms-5830-field_2\" class=\"wpforms-field-large wpforms-field-required\" name=\"wpforms[fields][2]\" required><\/textarea><\/div><\/div><!-- .wpforms-field-container --><div class=\"wpforms-field wpforms-field-hp\"><label for=\"wpforms-5830-field-hp\" class=\"wpforms-field-label\">Website<\/label><input type=\"text\" name=\"wpforms[hp]\" id=\"wpforms-5830-field-hp\" class=\"wpforms-field-medium\"><\/div><div class=\"wpforms-submit-container\" ><input type=\"hidden\" name=\"wpforms[id]\" value=\"5830\"><input type=\"hidden\" name=\"page_title\" value=\"\"><input type=\"hidden\" name=\"page_url\" value=\"https:\/\/pinsadiroma.es\/en\/wp-json\/wp\/v2\/pages\/5805\"><input type=\"hidden\" name=\"url_referer\" value=\"\"><button type=\"submit\" name=\"wpforms[submit]\" id=\"wpforms-submit-5830\" class=\"wpforms-submit\" data-alt-text=\"Sending...\" data-submit-text=\"Envia\" aria-live=\"assertive\" value=\"wpforms-submit\">Envia<\/button><\/div><\/form><\/div>  <!-- .wpforms-container --><\/div>\n\t\t\t\t\t\t<\/div>\n\t\t\t\t<\/div>\n\t\t\t\t<\/div>\n\t\t\t\t\t<\/div>\n\t\t\t\t<\/div>\n\t\t\t\t<\/div>\n\t\t\t\t\t<\/div>\n\t\t\t\t<\/div>\n\t\t\t\t<\/div>\n\t\t","protected":false},"excerpt":{"rendered":"<p>Pinsa Di Roma Trabaja con nosotros \u00danete al equipo En Pinsa Di Roma buscamos talento con actitud, energ\u00eda y pasi\u00f3n por la restauraci\u00f3n. Si quieres crecer con nosotros, queremos conocerte.<\/p>","protected":false},"author":1,"featured_media":0,"parent":0,"menu_order":0,"comment_status":"closed","ping_status":"closed","template":"","meta":{"_uag_custom_page_level_css":"","site-sidebar-layout":"no-sidebar","site-content-layout":"page-builder","ast-site-content-layout":"full-width-container","site-content-style":"default","site-sidebar-style":"default","ast-global-header-display":"","ast-banner-title-visibility":"","ast-main-header-display":"","ast-hfb-above-header-display":"","ast-hfb-below-header-display":"","ast-hfb-mobile-header-display":"","site-post-title":"disabled","ast-breadcrumbs-content":"","ast-featured-img":"disabled","footer-sml-layout":"","ast-disable-related-posts":"","theme-transparent-header-meta":"","adv-header-id-meta":"","stick-header-meta":"","header-above-stick-meta":"","header-main-stick-meta":"","header-below-stick-meta":"","astra-migrate-meta-layouts":"set","ast-page-background-enabled":"default","ast-page-background-meta":{"desktop":{"background-color":"","background-image":"","background-repeat":"repeat","background-position":"center center","background-size":"auto","background-attachment":"scroll","background-type":"","background-media":"","overlay-type":"","overlay-color":"","overlay-opacity":"","overlay-gradient":""},"tablet":{"background-color":"","background-image":"","background-repeat":"repeat","background-position":"center center","background-size":"auto","background-attachment":"scroll","background-type":"","background-media":"","overlay-type":"","overlay-color":"","overlay-opacity":"","overlay-gradient":""},"mobile":{"background-color":"","background-image":"","background-repeat":"repeat","background-position":"center center","background-size":"auto","background-attachment":"scroll","background-type":"","background-media":"","overlay-type":"","overlay-color":"","overlay-opacity":"","overlay-gradient":""}},"ast-content-background-meta":{"desktop":{"background-color":"var(--ast-global-color-5)","background-image":"","background-repeat":"repeat","background-position":"center center","background-size":"auto","background-attachment":"scroll","background-type":"","background-media":"","overlay-type":"","overlay-color":"","overlay-opacity":"","overlay-gradient":""},"tablet":{"background-color":"var(--ast-global-color-5)","background-image":"","background-repeat":"repeat","background-position":"center center","background-size":"auto","background-attachment":"scroll","background-type":"","background-media":"","overlay-type":"","overlay-color":"","overlay-opacity":"","overlay-gradient":""},"mobile":{"background-color":"var(--ast-global-color-5)","background-image":"","background-repeat":"repeat","background-position":"center center","background-size":"auto","background-attachment":"scroll","background-type":"","background-media":"","overlay-type":"","overlay-color":"","overlay-opacity":"","overlay-gradient":""}},"footnotes":""},"class_list":["post-5805","page","type-page","status-publish","hentry"],"yoast_head":"<!-- This site is optimized with the Yoast SEO plugin v27.4 - https:\/\/yoast.com\/product\/yoast-seo-wordpress\/ -->\n<title>Trabaja con nosotros - Pinsa Di Roma Restaurante<\/title>\n<meta name=\"robots\" content=\"index, follow, max-snippet:-1, max-image-preview:large, max-video-preview:-1\" \/>\n<link rel=\"canonical\" href=\"https:\/\/pinsadiroma.es\/en\/trabaja-con-nosotros\/\" \/>\n<meta property=\"og:locale\" content=\"en_US\" \/>\n<meta property=\"og:type\" content=\"article\" \/>\n<meta property=\"og:title\" content=\"Trabaja con nosotros - Pinsa Di Roma Restaurante\" \/>\n<meta property=\"og:description\" content=\"Pinsa Di Roma Trabaja con nosotros \u00danete al equipo En Pinsa Di Roma buscamos talento con actitud, energ\u00eda y pasi\u00f3n por la restauraci\u00f3n. Si quieres crecer con nosotros, queremos conocerte.\" \/>\n<meta property=\"og:url\" content=\"https:\/\/pinsadiroma.es\/en\/trabaja-con-nosotros\/\" \/>\n<meta property=\"og:site_name\" content=\"Pinsa Di Roma Restaurante\" \/>\n<meta property=\"article:modified_time\" content=\"2026-04-24T11:42:40+00:00\" \/>\n<meta name=\"twitter:card\" content=\"summary_large_image\" \/>\n<meta name=\"twitter:label1\" content=\"Est. reading time\" \/>\n\t<meta name=\"twitter:data1\" content=\"1 minute\" \/>\n<script type=\"application\/ld+json\" class=\"yoast-schema-graph\">{\"@context\":\"https:\\\/\\\/schema.org\",\"@graph\":[{\"@type\":\"WebPage\",\"@id\":\"https:\\\/\\\/pinsadiroma.es\\\/trabaja-con-nosotros\\\/\",\"url\":\"https:\\\/\\\/pinsadiroma.es\\\/trabaja-con-nosotros\\\/\",\"name\":\"Trabaja con nosotros - Pinsa Di Roma Restaurante\",\"isPartOf\":{\"@id\":\"https:\\\/\\\/pinsadiroma.es\\\/#website\"},\"datePublished\":\"2026-04-24T11:23:04+00:00\",\"dateModified\":\"2026-04-24T11:42:40+00:00\",\"breadcrumb\":{\"@id\":\"https:\\\/\\\/pinsadiroma.es\\\/trabaja-con-nosotros\\\/#breadcrumb\"},\"inLanguage\":\"en-US\",\"potentialAction\":[{\"@type\":\"ReadAction\",\"target\":[\"https:\\\/\\\/pinsadiroma.es\\\/trabaja-con-nosotros\\\/\"]}]},{\"@type\":\"BreadcrumbList\",\"@id\":\"https:\\\/\\\/pinsadiroma.es\\\/trabaja-con-nosotros\\\/#breadcrumb\",\"itemListElement\":[{\"@type\":\"ListItem\",\"position\":1,\"name\":\"Home\",\"item\":\"https:\\\/\\\/pinsadiroma.es\\\/\"},{\"@type\":\"ListItem\",\"position\":2,\"name\":\"Trabaja con nosotros\"}]},{\"@type\":\"WebSite\",\"@id\":\"https:\\\/\\\/pinsadiroma.es\\\/#website\",\"url\":\"https:\\\/\\\/pinsadiroma.es\\\/\",\"name\":\"Pinsa Di Roma Restaurante\",\"description\":\"Restaurante Italiano y Pinsas Romanas Aut\u00e9nticas en Valencia\",\"publisher\":{\"@id\":\"https:\\\/\\\/pinsadiroma.es\\\/#organization\"},\"potentialAction\":[{\"@type\":\"SearchAction\",\"target\":{\"@type\":\"EntryPoint\",\"urlTemplate\":\"https:\\\/\\\/pinsadiroma.es\\\/?s={search_term_string}\"},\"query-input\":{\"@type\":\"PropertyValueSpecification\",\"valueRequired\":true,\"valueName\":\"search_term_string\"}}],\"inLanguage\":\"en-US\"},{\"@type\":\"Organization\",\"@id\":\"https:\\\/\\\/pinsadiroma.es\\\/#organization\",\"name\":\"Pinsa Di Roma Restaurante\",\"url\":\"https:\\\/\\\/pinsadiroma.es\\\/\",\"logo\":{\"@type\":\"ImageObject\",\"inLanguage\":\"en-US\",\"@id\":\"https:\\\/\\\/pinsadiroma.es\\\/#\\\/schema\\\/logo\\\/image\\\/\",\"url\":\"https:\\\/\\\/pinsadiroma.es\\\/wp-content\\\/uploads\\\/2024\\\/05\\\/cropped-pinsa-di-roma-thumbnail-mic.jpg\",\"contentUrl\":\"https:\\\/\\\/pinsadiroma.es\\\/wp-content\\\/uploads\\\/2024\\\/05\\\/cropped-pinsa-di-roma-thumbnail-mic.jpg\",\"width\":283,\"height\":159,\"caption\":\"Pinsa Di Roma Restaurante\"},\"image\":{\"@id\":\"https:\\\/\\\/pinsadiroma.es\\\/#\\\/schema\\\/logo\\\/image\\\/\"}}]}<\/script>\n<!-- \/ Yoast SEO plugin. -->","yoast_head_json":{"title":"Trabaja con nosotros - Pinsa Di Roma Restaurante","robots":{"index":"index","follow":"follow","max-snippet":"max-snippet:-1","max-image-preview":"max-image-preview:large","max-video-preview":"max-video-preview:-1"},"canonical":"https:\/\/pinsadiroma.es\/en\/trabaja-con-nosotros\/","og_locale":"en_US","og_type":"article","og_title":"Trabaja con nosotros - Pinsa Di Roma Restaurante","og_description":"Pinsa Di Roma Trabaja con nosotros \u00danete al equipo En Pinsa Di Roma buscamos talento con actitud, energ\u00eda y pasi\u00f3n por la restauraci\u00f3n. Si quieres crecer con nosotros, queremos conocerte.","og_url":"https:\/\/pinsadiroma.es\/en\/trabaja-con-nosotros\/","og_site_name":"Pinsa Di Roma Restaurante","article_modified_time":"2026-04-24T11:42:40+00:00","twitter_card":"summary_large_image","twitter_misc":{"Est. reading time":"1 minute"},"schema":{"@context":"https:\/\/schema.org","@graph":[{"@type":"WebPage","@id":"https:\/\/pinsadiroma.es\/trabaja-con-nosotros\/","url":"https:\/\/pinsadiroma.es\/trabaja-con-nosotros\/","name":"Trabaja con nosotros - Pinsa Di Roma Restaurante","isPartOf":{"@id":"https:\/\/pinsadiroma.es\/#website"},"datePublished":"2026-04-24T11:23:04+00:00","dateModified":"2026-04-24T11:42:40+00:00","breadcrumb":{"@id":"https:\/\/pinsadiroma.es\/trabaja-con-nosotros\/#breadcrumb"},"inLanguage":"en-US","potentialAction":[{"@type":"ReadAction","target":["https:\/\/pinsadiroma.es\/trabaja-con-nosotros\/"]}]},{"@type":"BreadcrumbList","@id":"https:\/\/pinsadiroma.es\/trabaja-con-nosotros\/#breadcrumb","itemListElement":[{"@type":"ListItem","position":1,"name":"Home","item":"https:\/\/pinsadiroma.es\/"},{"@type":"ListItem","position":2,"name":"Trabaja con nosotros"}]},{"@type":"WebSite","@id":"https:\/\/pinsadiroma.es\/#website","url":"https:\/\/pinsadiroma.es\/","name":"Pinsa Di Roma Restaurante","description":"Restaurante Italiano y Pinsas Romanas Aut\u00e9nticas en Valencia","publisher":{"@id":"https:\/\/pinsadiroma.es\/#organization"},"potentialAction":[{"@type":"SearchAction","target":{"@type":"EntryPoint","urlTemplate":"https:\/\/pinsadiroma.es\/?s={search_term_string}"},"query-input":{"@type":"PropertyValueSpecification","valueRequired":true,"valueName":"search_term_string"}}],"inLanguage":"en-US"},{"@type":"Organization","@id":"https:\/\/pinsadiroma.es\/#organization","name":"Pinsa Di Roma Restaurante","url":"https:\/\/pinsadiroma.es\/","logo":{"@type":"ImageObject","inLanguage":"en-US","@id":"https:\/\/pinsadiroma.es\/#\/schema\/logo\/image\/","url":"https:\/\/pinsadiroma.es\/wp-content\/uploads\/2024\/05\/cropped-pinsa-di-roma-thumbnail-mic.jpg","contentUrl":"https:\/\/pinsadiroma.es\/wp-content\/uploads\/2024\/05\/cropped-pinsa-di-roma-thumbnail-mic.jpg","width":283,"height":159,"caption":"Pinsa Di Roma Restaurante"},"image":{"@id":"https:\/\/pinsadiroma.es\/#\/schema\/logo\/image\/"}}]}},"uagb_featured_image_src":{"full":false,"thumbnail":false,"medium":false,"medium_large":false,"large":false,"1536x1536":false,"2048x2048":false,"trp-custom-language-flag":false},"uagb_author_info":{"display_name":"PInsaWeb","author_link":"https:\/\/pinsadiroma.es\/en\/author\/pinsaweb\/"},"uagb_comment_info":0,"uagb_excerpt":"Pinsa Di Roma Trabaja con nosotros \u00danete al equipo En Pinsa Di Roma buscamos talento con actitud, energ\u00eda y pasi\u00f3n por la restauraci\u00f3n. Si quieres crecer con nosotros, queremos conocerte.","_links":{"self":[{"href":"https:\/\/pinsadiroma.es\/en\/wp-json\/wp\/v2\/pages\/5805","targetHints":{"allow":["GET"]}}],"collection":[{"href":"https:\/\/pinsadiroma.es\/en\/wp-json\/wp\/v2\/pages"}],"about":[{"href":"https:\/\/pinsadiroma.es\/en\/wp-json\/wp\/v2\/types\/page"}],"author":[{"embeddable":true,"href":"https:\/\/pinsadiroma.es\/en\/wp-json\/wp\/v2\/users\/1"}],"replies":[{"embeddable":true,"href":"https:\/\/pinsadiroma.es\/en\/wp-json\/wp\/v2\/comments?post=5805"}],"version-history":[{"count":13,"href":"https:\/\/pinsadiroma.es\/en\/wp-json\/wp\/v2\/pages\/5805\/revisions"}],"predecessor-version":[{"id":5841,"href":"https:\/\/pinsadiroma.es\/en\/wp-json\/wp\/v2\/pages\/5805\/revisions\/5841"}],"wp:attachment":[{"href":"https:\/\/pinsadiroma.es\/en\/wp-json\/wp\/v2\/media?parent=5805"}],"curies":[{"name":"wp","href":"https:\/\/api.w.org\/{rel}","templated":true}]}}