{"id":3791,"date":"2024-06-24T12:27:55","date_gmt":"2024-06-24T12:27:55","guid":{"rendered":"https:\/\/pinsadiroma.es\/?page_id=3791"},"modified":"2025-11-05T14:00:01","modified_gmt":"2025-11-05T14:00:01","slug":"politica-de-privacidad","status":"publish","type":"page","link":"https:\/\/pinsadiroma.es\/en\/politica-de-privacidad\/","title":{"rendered":"Privacy Policy"},"content":{"rendered":"<div data-elementor-type=\"wp-page\" data-elementor-id=\"3791\" class=\"elementor elementor-3791\">\n\t\t\t\t<div class=\"elementor-element elementor-element-e1f7a66 e-flex e-con-boxed e-con e-parent\" data-id=\"e1f7a66\" data-element_type=\"container\" data-e-type=\"container\">\n\t\t\t\t\t<div class=\"e-con-inner\">\n\t\t\t\t<div class=\"elementor-element elementor-element-84756fc elementor-widget elementor-widget-shortcode\" data-id=\"84756fc\" data-element_type=\"widget\" data-e-type=\"widget\" data-widget_type=\"shortcode.default\">\n\t\t\t\t<div class=\"elementor-widget-container\">\n\t\t\t\t\t\t\t<div class=\"elementor-shortcode\"><h2>Pol\u00edtica de Privacidad<\/h2>\n    <p><strong>GRUPO PINSA DI ROMA SL<\/strong><\/p>\n    <h3>1. Informaci\u00f3n General<\/h3>\n    <p>Denominaci\u00f3n: GRUPO PINSA DI ROMA SL<br>\n    CIF\/NIF: B40661035<br>\n    Domicilio Social: CALLE RIBERA, 10, 46002, VALENCIA, VALENCIA<br>\n    N\u00famero de Tel\u00e9fono: 961 81 30 82\n<br>\n    Correo Electr\u00f3nico: <a href=\"mailto:infopinsadiroma@gmail.com\">infopinsadiroma@gmail.com<\/a><br>\n    Fecha de Alta: 29\/05\/2020<br>\n    Objeto Social: La hosteler\u00eda y explotaci\u00f3n de bares, restaurantes y cafeter\u00edas.<br>\n    CNAE: 5610 - Restaurantes y puestos de comidas<br>\n    SIC: 5812 - Restaurantes<\/p>\n    <h3>2. Responsable del Tratamiento de Datos<\/h3>\n    <p>El responsable del tratamiento de sus datos personales es GRUPO PINSA DI ROMA SL (en adelante, \"la Empresa\").<\/p>\n    <h3>3. Datos Recogidos<\/h3>\n    <p>La Empresa puede recoger y tratar los siguientes datos personales:<\/p>\n    <ul>\n        <li>Datos de identificaci\u00f3n (nombre, apellidos, DNI, direcci\u00f3n, etc.)<\/li>\n        <li>Datos de contacto (tel\u00e9fono, correo electr\u00f3nico, etc.)<\/li>\n        <li>Datos financieros y de transacciones<\/li>\n        <li>Cualquier otro dato necesario para la prestaci\u00f3n de nuestros servicios<\/li>\n    <\/ul>\n    <h3>4. Finalidad del Tratamiento<\/h3>\n    <p>Los datos personales recogidos ser\u00e1n tratados con las siguientes finalidades:<\/p>\n    <ul>\n        <li>Gesti\u00f3n y prestaci\u00f3n de los servicios de hosteler\u00eda, explotaci\u00f3n de bares, restaurantes y cafeter\u00edas.<\/li>\n        <li>Comunicaci\u00f3n con los clientes.<\/li>\n        <li>Facturaci\u00f3n y gesti\u00f3n contable.<\/li>\n        <li>Cumplimiento de obligaciones legales y fiscales.<\/li>\n        <li>Env\u00edo de informaci\u00f3n comercial y promociones relacionadas con nuestros servicios, previa autorizaci\u00f3n del usuario.<\/li>\n    <\/ul>\n    <h3>5. Legitimaci\u00f3n<\/h3>\n    <p>La base legal para el tratamiento de sus datos personales se basa en:<\/p>\n    <ul>\n        <li>La ejecuci\u00f3n de un contrato en el que el interesado es parte.<\/li>\n        <li>El cumplimiento de obligaciones legales aplicables a la Empresa.<\/li>\n        <li>El inter\u00e9s leg\u00edtimo de la Empresa.<\/li>\n        <li>El consentimiento expl\u00edcito del interesado en los casos que sea necesario.<\/li>\n    <\/ul>\n    <h3>6. Destinatarios de los Datos<\/h3>\n    <p>Sus datos personales podr\u00e1n ser comunicados a:<\/p>\n    <ul>\n        <li>Administraciones p\u00fablicas en los casos previstos por la ley.<\/li>\n        <li>Bancos y entidades financieras para la gesti\u00f3n de cobros y pagos.<\/li>\n        <li>Proveedores de servicios necesarios para la correcta prestaci\u00f3n de nuestros servicios.<\/li>\n        <li>Terceros en los que la Empresa delegue servicios de tratamiento de datos, con el debido contrato de tratamiento de datos correspondiente.<\/li>\n    <\/ul>\n    <h3>7. Derechos del Interesado<\/h3>\n    <p>Como titular de los datos, usted tiene derecho a:<\/p>\n    <ul>\n        <li>Acceder a sus datos personales.<\/li>\n        <li>Rectificar los datos inexactos o incompletos.<\/li>\n        <li>Solicitar la supresi\u00f3n de sus datos cuando, entre otros motivos, los datos ya no sean necesarios para los fines que fueron recogidos.<\/li>\n        <li>Oponerse al tratamiento de sus datos.<\/li>\n        <li>Solicitar la limitaci\u00f3n del tratamiento de sus datos.<\/li>\n        <li>Solicitar la portabilidad de sus datos a otro responsable del tratamiento.<\/li>\n    <\/ul>\n    <p>Para ejercer estos derechos, puede dirigirse por escrito a la direcci\u00f3n de la Empresa o al correo electr\u00f3nico proporcionado.<\/p>\n    <h3>8. Medidas de Seguridad<\/h3>\n    <p>La Empresa adopta las medidas t\u00e9cnicas y organizativas necesarias para garantizar la seguridad de los datos personales y evitar su alteraci\u00f3n, p\u00e9rdida, tratamiento o acceso no autorizado, teniendo en cuenta el estado de la tecnolog\u00eda, la naturaleza de los datos almacenados y los riesgos a los que est\u00e1n expuestos.<\/p>\n    <h3>9. Cambios en la Pol\u00edtica de Privacidad<\/h3>\n    <p>La Empresa se reserva el derecho de modificar esta pol\u00edtica de privacidad para adaptarla a novedades legislativas o jurisprudenciales, as\u00ed como a pr\u00e1cticas de la industria. En dichos supuestos, la Empresa anunciar\u00e1 en esta p\u00e1gina los cambios introducidos con razonable antelaci\u00f3n a su puesta en pr\u00e1ctica.<\/p>\n    <h3>10. Contacto<\/h3>\n    <p>Para cualquier duda o consulta sobre esta pol\u00edtica de privacidad, puede ponerse en contacto con nosotros a trav\u00e9s del siguiente correo electr\u00f3nico: <a href=\"mailto:infopinsadiroma@gmail.com\">infopinsadiroma@gmail.com<\/a>.<\/p>\n    <hr>\n    <p><strong>GRUPO PINSA DI ROMA SL<\/strong><br>\n    CIF\/NIF: B40661035<br>\n    Domicilio Social: CALLE RIBERA, 10, 46002, VALENCIA, VALENCIA<br>\n    Correo Electr\u00f3nico: <a href=\"mailto:infopinsadiroma@gmail.com\">infopinsadiroma@gmail.com<\/a><\/p>\n    <p>Fecha de \u00faltima actualizaci\u00f3n: 05\/11\/2025<\/p>\n    <?php\n    return ob_get_clean();\n}\nadd_shortcode('politica_privacidad', 'politica_privacidad_shortcode');\n<\/div>\n\t\t\t\t\t\t<\/div>\n\t\t\t\t<\/div>\n\t\t\t\t\t<\/div>\n\t\t\t\t<\/div>\n\t\t\t\t<\/div>","protected":false},"excerpt":{"rendered":"<p>Pol\u00edtica de Privacidad GRUPO PINSA DI ROMA SL 1. Informaci\u00f3n General Denominaci\u00f3n: GRUPO PINSA DI ROMA SL CIF\/NIF: B40661035 Domicilio Social: CALLE RIBERA, 10, 46002, VALENCIA, VALENCIA N\u00famero de Tel\u00e9fono: 961 81 30 82 Correo Electr\u00f3nico: infopinsadiroma@gmail.com Fecha de Alta: 29\/05\/2020 Objeto Social: La hosteler\u00eda y explotaci\u00f3n de bares, restaurantes y cafeter\u00edas. CNAE: 5610 &#8211; [&hellip;]<\/p>\n","protected":false},"author":1,"featured_media":0,"parent":0,"menu_order":0,"comment_status":"closed","ping_status":"closed","template":"","meta":{"_uag_custom_page_level_css":"","site-sidebar-layout":"default","site-content-layout":"","ast-site-content-layout":"default","site-content-style":"default","site-sidebar-style":"default","ast-global-header-display":"","ast-banner-title-visibility":"","ast-main-header-display":"","ast-hfb-above-header-display":"","ast-hfb-below-header-display":"","ast-hfb-mobile-header-display":"","site-post-title":"","ast-breadcrumbs-content":"","ast-featured-img":"","footer-sml-layout":"","ast-disable-related-posts":"","theme-transparent-header-meta":"","adv-header-id-meta":"","stick-header-meta":"","header-above-stick-meta":"","header-main-stick-meta":"","header-below-stick-meta":"","astra-migrate-meta-layouts":"default","ast-page-background-enabled":"default","ast-page-background-meta":{"desktop":{"background-color":"","background-image":"","background-repeat":"repeat","background-position":"center center","background-size":"auto","background-attachment":"scroll","background-type":"","background-media":"","overlay-type":"","overlay-color":"","overlay-opacity":"","overlay-gradient":""},"tablet":{"background-color":"","background-image":"","background-repeat":"repeat","background-position":"center center","background-size":"auto","background-attachment":"scroll","background-type":"","background-media":"","overlay-type":"","overlay-color":"","overlay-opacity":"","overlay-gradient":""},"mobile":{"background-color":"","background-image":"","background-repeat":"repeat","background-position":"center center","background-size":"auto","background-attachment":"scroll","background-type":"","background-media":"","overlay-type":"","overlay-color":"","overlay-opacity":"","overlay-gradient":""}},"ast-content-background-meta":{"desktop":{"background-color":"var(--ast-global-color-5)","background-image":"","background-repeat":"repeat","background-position":"center center","background-size":"auto","background-attachment":"scroll","background-type":"","background-media":"","overlay-type":"","overlay-color":"","overlay-opacity":"","overlay-gradient":""},"tablet":{"background-color":"var(--ast-global-color-5)","background-image":"","background-repeat":"repeat","background-position":"center center","background-size":"auto","background-attachment":"scroll","background-type":"","background-media":"","overlay-type":"","overlay-color":"","overlay-opacity":"","overlay-gradient":""},"mobile":{"background-color":"var(--ast-global-color-5)","background-image":"","background-repeat":"repeat","background-position":"center center","background-size":"auto","background-attachment":"scroll","background-type":"","background-media":"","overlay-type":"","overlay-color":"","overlay-opacity":"","overlay-gradient":""}},"footnotes":""},"class_list":["post-3791","page","type-page","status-publish","hentry"],"yoast_head":"<!-- This site is optimized with the Yoast SEO plugin v27.1.1 - https:\/\/yoast.com\/product\/yoast-seo-wordpress\/ -->\n<title>Politica de Privacidad - Pinsa Di Roma Restaurante<\/title>\n<meta name=\"robots\" content=\"index, follow, max-snippet:-1, max-image-preview:large, max-video-preview:-1\" \/>\n<link rel=\"canonical\" href=\"https:\/\/pinsadiroma.es\/en\/politica-de-privacidad\/\" \/>\n<meta property=\"og:locale\" content=\"en_US\" \/>\n<meta property=\"og:type\" content=\"article\" \/>\n<meta property=\"og:title\" content=\"Politica de Privacidad - Pinsa Di Roma Restaurante\" \/>\n<meta property=\"og:description\" content=\"Pol\u00edtica de Privacidad GRUPO PINSA DI ROMA SL 1. Informaci\u00f3n General Denominaci\u00f3n: GRUPO PINSA DI ROMA SL CIF\/NIF: B40661035 Domicilio Social: CALLE RIBERA, 10, 46002, VALENCIA, VALENCIA N\u00famero de Tel\u00e9fono: 961 81 30 82 Correo Electr\u00f3nico: infopinsadiroma@gmail.com Fecha de Alta: 29\/05\/2020 Objeto Social: La hosteler\u00eda y explotaci\u00f3n de bares, restaurantes y cafeter\u00edas. CNAE: 5610 &#8211; [&hellip;]\" \/>\n<meta property=\"og:url\" content=\"https:\/\/pinsadiroma.es\/en\/politica-de-privacidad\/\" \/>\n<meta property=\"og:site_name\" content=\"Pinsa Di Roma Restaurante\" \/>\n<meta property=\"article:modified_time\" content=\"2025-11-05T14:00:01+00:00\" \/>\n<meta name=\"twitter:card\" content=\"summary_large_image\" \/>\n<script type=\"application\/ld+json\" class=\"yoast-schema-graph\">{\"@context\":\"https:\/\/schema.org\",\"@graph\":[{\"@type\":\"WebPage\",\"@id\":\"https:\/\/pinsadiroma.es\/politica-de-privacidad\/\",\"url\":\"https:\/\/pinsadiroma.es\/politica-de-privacidad\/\",\"name\":\"Politica de Privacidad - Pinsa Di Roma Restaurante\",\"isPartOf\":{\"@id\":\"https:\/\/pinsadiroma.es\/#website\"},\"datePublished\":\"2024-06-24T12:27:55+00:00\",\"dateModified\":\"2025-11-05T14:00:01+00:00\",\"breadcrumb\":{\"@id\":\"https:\/\/pinsadiroma.es\/politica-de-privacidad\/#breadcrumb\"},\"inLanguage\":\"en-US\",\"potentialAction\":[{\"@type\":\"ReadAction\",\"target\":[\"https:\/\/pinsadiroma.es\/politica-de-privacidad\/\"]}]},{\"@type\":\"BreadcrumbList\",\"@id\":\"https:\/\/pinsadiroma.es\/politica-de-privacidad\/#breadcrumb\",\"itemListElement\":[{\"@type\":\"ListItem\",\"position\":1,\"name\":\"Home\",\"item\":\"https:\/\/pinsadiroma.es\/\"},{\"@type\":\"ListItem\",\"position\":2,\"name\":\"Politica de Privacidad\"}]},{\"@type\":\"WebSite\",\"@id\":\"https:\/\/pinsadiroma.es\/#website\",\"url\":\"https:\/\/pinsadiroma.es\/\",\"name\":\"Pinsa Di Roma Restaurante\",\"description\":\"Restaurante Italiano y Pinsas Romanas Aut\u00e9nticas en Valencia\",\"publisher\":{\"@id\":\"https:\/\/pinsadiroma.es\/#organization\"},\"potentialAction\":[{\"@type\":\"SearchAction\",\"target\":{\"@type\":\"EntryPoint\",\"urlTemplate\":\"https:\/\/pinsadiroma.es\/?s={search_term_string}\"},\"query-input\":{\"@type\":\"PropertyValueSpecification\",\"valueRequired\":true,\"valueName\":\"search_term_string\"}}],\"inLanguage\":\"en-US\"},{\"@type\":\"Organization\",\"@id\":\"https:\/\/pinsadiroma.es\/#organization\",\"name\":\"Pinsa Di Roma Restaurante\",\"url\":\"https:\/\/pinsadiroma.es\/\",\"logo\":{\"@type\":\"ImageObject\",\"inLanguage\":\"en-US\",\"@id\":\"https:\/\/pinsadiroma.es\/#\/schema\/logo\/image\/\",\"url\":\"https:\/\/pinsadiroma.es\/wp-content\/uploads\/2024\/05\/cropped-pinsa-di-roma-thumbnail-mic.jpg\",\"contentUrl\":\"https:\/\/pinsadiroma.es\/wp-content\/uploads\/2024\/05\/cropped-pinsa-di-roma-thumbnail-mic.jpg\",\"width\":283,\"height\":159,\"caption\":\"Pinsa Di Roma Restaurante\"},\"image\":{\"@id\":\"https:\/\/pinsadiroma.es\/#\/schema\/logo\/image\/\"}}]}<\/script>\n<!-- \/ Yoast SEO plugin. -->","yoast_head_json":{"title":"Politica de Privacidad - Pinsa Di Roma Restaurante","robots":{"index":"index","follow":"follow","max-snippet":"max-snippet:-1","max-image-preview":"max-image-preview:large","max-video-preview":"max-video-preview:-1"},"canonical":"https:\/\/pinsadiroma.es\/en\/politica-de-privacidad\/","og_locale":"en_US","og_type":"article","og_title":"Politica de Privacidad - Pinsa Di Roma Restaurante","og_description":"Pol\u00edtica de Privacidad GRUPO PINSA DI ROMA SL 1. Informaci\u00f3n General Denominaci\u00f3n: GRUPO PINSA DI ROMA SL CIF\/NIF: B40661035 Domicilio Social: CALLE RIBERA, 10, 46002, VALENCIA, VALENCIA N\u00famero de Tel\u00e9fono: 961 81 30 82 Correo Electr\u00f3nico: infopinsadiroma@gmail.com Fecha de Alta: 29\/05\/2020 Objeto Social: La hosteler\u00eda y explotaci\u00f3n de bares, restaurantes y cafeter\u00edas. CNAE: 5610 &#8211; [&hellip;]","og_url":"https:\/\/pinsadiroma.es\/en\/politica-de-privacidad\/","og_site_name":"Pinsa Di Roma Restaurante","article_modified_time":"2025-11-05T14:00:01+00:00","twitter_card":"summary_large_image","schema":{"@context":"https:\/\/schema.org","@graph":[{"@type":"WebPage","@id":"https:\/\/pinsadiroma.es\/politica-de-privacidad\/","url":"https:\/\/pinsadiroma.es\/politica-de-privacidad\/","name":"Politica de Privacidad - Pinsa Di Roma Restaurante","isPartOf":{"@id":"https:\/\/pinsadiroma.es\/#website"},"datePublished":"2024-06-24T12:27:55+00:00","dateModified":"2025-11-05T14:00:01+00:00","breadcrumb":{"@id":"https:\/\/pinsadiroma.es\/politica-de-privacidad\/#breadcrumb"},"inLanguage":"en-US","potentialAction":[{"@type":"ReadAction","target":["https:\/\/pinsadiroma.es\/politica-de-privacidad\/"]}]},{"@type":"BreadcrumbList","@id":"https:\/\/pinsadiroma.es\/politica-de-privacidad\/#breadcrumb","itemListElement":[{"@type":"ListItem","position":1,"name":"Home","item":"https:\/\/pinsadiroma.es\/"},{"@type":"ListItem","position":2,"name":"Politica de Privacidad"}]},{"@type":"WebSite","@id":"https:\/\/pinsadiroma.es\/#website","url":"https:\/\/pinsadiroma.es\/","name":"Pinsa Di Roma Restaurante","description":"Restaurante Italiano y Pinsas Romanas Aut\u00e9nticas en Valencia","publisher":{"@id":"https:\/\/pinsadiroma.es\/#organization"},"potentialAction":[{"@type":"SearchAction","target":{"@type":"EntryPoint","urlTemplate":"https:\/\/pinsadiroma.es\/?s={search_term_string}"},"query-input":{"@type":"PropertyValueSpecification","valueRequired":true,"valueName":"search_term_string"}}],"inLanguage":"en-US"},{"@type":"Organization","@id":"https:\/\/pinsadiroma.es\/#organization","name":"Pinsa Di Roma Restaurante","url":"https:\/\/pinsadiroma.es\/","logo":{"@type":"ImageObject","inLanguage":"en-US","@id":"https:\/\/pinsadiroma.es\/#\/schema\/logo\/image\/","url":"https:\/\/pinsadiroma.es\/wp-content\/uploads\/2024\/05\/cropped-pinsa-di-roma-thumbnail-mic.jpg","contentUrl":"https:\/\/pinsadiroma.es\/wp-content\/uploads\/2024\/05\/cropped-pinsa-di-roma-thumbnail-mic.jpg","width":283,"height":159,"caption":"Pinsa Di Roma Restaurante"},"image":{"@id":"https:\/\/pinsadiroma.es\/#\/schema\/logo\/image\/"}}]}},"uagb_featured_image_src":{"full":false,"thumbnail":false,"medium":false,"medium_large":false,"large":false,"1536x1536":false,"2048x2048":false,"trp-custom-language-flag":false},"uagb_author_info":{"display_name":"PInsaWeb","author_link":"https:\/\/pinsadiroma.es\/en\/author\/pinsaweb\/"},"uagb_comment_info":0,"uagb_excerpt":"Pol\u00edtica de Privacidad GRUPO PINSA DI ROMA SL 1. Informaci\u00f3n General Denominaci\u00f3n: GRUPO PINSA DI ROMA SL CIF\/NIF: B40661035 Domicilio Social: CALLE RIBERA, 10, 46002, VALENCIA, VALENCIA N\u00famero de Tel\u00e9fono: 961 81 30 82 Correo Electr\u00f3nico: infopinsadiroma@gmail.com Fecha de Alta: 29\/05\/2020 Objeto Social: La hosteler\u00eda y explotaci\u00f3n de bares, restaurantes y cafeter\u00edas. CNAE: 5610 &#8211;&hellip;","_links":{"self":[{"href":"https:\/\/pinsadiroma.es\/en\/wp-json\/wp\/v2\/pages\/3791","targetHints":{"allow":["GET"]}}],"collection":[{"href":"https:\/\/pinsadiroma.es\/en\/wp-json\/wp\/v2\/pages"}],"about":[{"href":"https:\/\/pinsadiroma.es\/en\/wp-json\/wp\/v2\/types\/page"}],"author":[{"embeddable":true,"href":"https:\/\/pinsadiroma.es\/en\/wp-json\/wp\/v2\/users\/1"}],"replies":[{"embeddable":true,"href":"https:\/\/pinsadiroma.es\/en\/wp-json\/wp\/v2\/comments?post=3791"}],"version-history":[{"count":11,"href":"https:\/\/pinsadiroma.es\/en\/wp-json\/wp\/v2\/pages\/3791\/revisions"}],"predecessor-version":[{"id":5651,"href":"https:\/\/pinsadiroma.es\/en\/wp-json\/wp\/v2\/pages\/3791\/revisions\/5651"}],"wp:attachment":[{"href":"https:\/\/pinsadiroma.es\/en\/wp-json\/wp\/v2\/media?parent=3791"}],"curies":[{"name":"wp","href":"https:\/\/api.w.org\/{rel}","templated":true}]}}